{"id":178,"date":"2024-08-21T05:48:36","date_gmt":"2024-08-21T03:48:36","guid":{"rendered":"https:\/\/joseparra.net\/?page_id=178"},"modified":"2024-10-30T10:55:02","modified_gmt":"2024-10-30T09:55:02","slug":"agenda","status":"publish","type":"page","link":"https:\/\/joseparra.net\/es\/agenda\/","title":{"rendered":"Agenda"},"content":{"rendered":"<style>.elementor-178 .elementor-element.elementor-element-9695672{--display:flex;--min-height:718px;--flex-direction:row;--container-widget-width:calc( ( 1 - var( --container-widget-flex-grow ) ) * 100% );--container-widget-height:100%;--container-widget-flex-grow:1;--container-widget-align-self:stretch;--flex-wrap-mobile:wrap;--align-items:stretch;--gap:10px 10px;--row-gap:10px;--column-gap:10px;--overlay-opacity:1;border-style:solid;--border-style:solid;border-width:0px 0px 0px 0px;--border-top-width:0px;--border-right-width:0px;--border-bottom-width:0px;--border-left-width:0px;border-color:#FFFFFF4A;--border-color:#FFFFFF4A;--padding-top:7em;--padding-bottom:5em;--padding-left:0em;--padding-right:0em;}.elementor-178 .elementor-element.elementor-element-9695672:not(.elementor-motion-effects-element-type-background), .elementor-178 .elementor-element.elementor-element-9695672 > .elementor-motion-effects-container > .elementor-motion-effects-layer{background-color:var( --e-global-color-primary );}.elementor-178 .elementor-element.elementor-element-9695672::before, .elementor-178 .elementor-element.elementor-element-9695672 > .elementor-background-video-container::before, .elementor-178 .elementor-element.elementor-element-9695672 > .e-con-inner > .elementor-background-video-container::before, .elementor-178 .elementor-element.elementor-element-9695672 > .elementor-background-slideshow::before, .elementor-178 .elementor-element.elementor-element-9695672 > .e-con-inner > .elementor-background-slideshow::before, .elementor-178 .elementor-element.elementor-element-9695672 > .elementor-motion-effects-container > .elementor-motion-effects-layer::before{--background-overlay:'';background-color:#000000AB;background-image:url(\"https:\/\/joseparra.net\/wp-content\/uploads\/2024\/10\/bhhc.png\");background-position:center center;background-repeat:no-repeat;background-size:cover;}.elementor-178 .elementor-element.elementor-element-2bf4333{--display:flex;}.elementor-178 .elementor-element.elementor-element-d497e2d{--display:flex;}.elementor-178 .elementor-element.elementor-element-6cfa092{text-align:end;}.elementor-178 .elementor-element.elementor-element-6cfa092 .elementor-heading-title{color:#FFFFFF;}.elementor-178 .elementor-element.elementor-element-7aa80f8 .elementor-icon-list-items:not(.elementor-inline-items) .elementor-icon-list-item:not(:last-child){padding-block-end:calc(16px\/2);}.elementor-178 .elementor-element.elementor-element-7aa80f8 .elementor-icon-list-items:not(.elementor-inline-items) .elementor-icon-list-item:not(:first-child){margin-block-start:calc(16px\/2);}.elementor-178 .elementor-element.elementor-element-7aa80f8 .elementor-icon-list-items.elementor-inline-items .elementor-icon-list-item{margin-inline:calc(16px\/2);}.elementor-178 .elementor-element.elementor-element-7aa80f8 .elementor-icon-list-items.elementor-inline-items{margin-inline:calc(-16px\/2);}.elementor-178 .elementor-element.elementor-element-7aa80f8 .elementor-icon-list-items.elementor-inline-items .elementor-icon-list-item:after{inset-inline-end:calc(-16px\/2);}.elementor-178 .elementor-element.elementor-element-7aa80f8 .elementor-icon-list-icon i{color:#FFFFFF;transition:color 0.3s;}.elementor-178 .elementor-element.elementor-element-7aa80f8 .elementor-icon-list-icon svg{fill:#FFFFFF;transition:fill 0.3s;}.elementor-178 .elementor-element.elementor-element-7aa80f8{--e-icon-list-icon-size:14px;--icon-vertical-offset:0px;}.elementor-178 .elementor-element.elementor-element-7aa80f8 .elementor-icon-list-icon{padding-inline-end:7px;}.elementor-178 .elementor-element.elementor-element-7aa80f8 .elementor-icon-list-text{color:#FFFFFF;transition:color 0.3s;}.elementor-178 .elementor-element.elementor-element-a584cc5{--display:flex;--min-height:30vh;--flex-direction:column;--container-widget-width:calc( ( 1 - var( --container-widget-flex-grow ) ) * 100% );--container-widget-height:initial;--container-widget-flex-grow:0;--container-widget-align-self:initial;--flex-wrap-mobile:wrap;--justify-content:center;--align-items:flex-start;--padding-top:50px;--padding-bottom:50px;--padding-left:0px;--padding-right:0px;}.elementor-178 .elementor-element.elementor-element-2f81447 .elementor-heading-title{font-family:var( --e-global-typography-df116be-font-family ), Sans-serif;font-size:var( --e-global-typography-df116be-font-size );font-weight:var( --e-global-typography-df116be-font-weight );line-height:var( --e-global-typography-df116be-line-height );letter-spacing:var( --e-global-typography-df116be-letter-spacing );word-spacing:var( --e-global-typography-df116be-word-spacing );}.elementor-178 .elementor-element.elementor-element-2471eab{font-family:var( --e-global-typography-text-font-family ), Sans-serif;font-size:var( --e-global-typography-text-font-size );font-weight:var( --e-global-typography-text-font-weight );}.elementor-178 .elementor-element.elementor-element-4e6eefc .elementor-heading-title{font-family:var( --e-global-typography-df116be-font-family ), Sans-serif;font-size:var( --e-global-typography-df116be-font-size );font-weight:var( --e-global-typography-df116be-font-weight );line-height:var( --e-global-typography-df116be-line-height );letter-spacing:var( --e-global-typography-df116be-letter-spacing );word-spacing:var( --e-global-typography-df116be-word-spacing );}.elementor-178 .elementor-element.elementor-element-af2366d{font-family:var( --e-global-typography-text-font-family ), Sans-serif;font-size:var( --e-global-typography-text-font-size );font-weight:var( --e-global-typography-text-font-weight );}@media(min-width:768px){.elementor-178 .elementor-element.elementor-element-9695672{--content-width:1200px;}.elementor-178 .elementor-element.elementor-element-2bf4333{--width:49.961%;}.elementor-178 .elementor-element.elementor-element-d497e2d{--width:50%;}.elementor-178 .elementor-element.elementor-element-a584cc5{--content-width:1040px;}}@media(max-width:1024px) and (min-width:768px){.elementor-178 .elementor-element.elementor-element-d497e2d{--width:100%;}}@media(max-width:1024px){.elementor-178 .elementor-element.elementor-element-9695672{--margin-top:0px;--margin-bottom:0px;--margin-left:0px;--margin-right:0px;}.elementor-178 .elementor-element.elementor-element-d497e2d{--margin-top:0px;--margin-bottom:0px;--margin-left:10px;--margin-right:10px;}.elementor-178 .elementor-element.elementor-element-6cfa092{text-align:center;}.elementor-178 .elementor-element.elementor-element-7aa80f8 .elementor-icon-list-items:not(.elementor-inline-items) .elementor-icon-list-item:not(:last-child){padding-block-end:calc(7px\/2);}.elementor-178 .elementor-element.elementor-element-7aa80f8 .elementor-icon-list-items:not(.elementor-inline-items) .elementor-icon-list-item:not(:first-child){margin-block-start:calc(7px\/2);}.elementor-178 .elementor-element.elementor-element-7aa80f8 .elementor-icon-list-items.elementor-inline-items .elementor-icon-list-item{margin-inline:calc(7px\/2);}.elementor-178 .elementor-element.elementor-element-7aa80f8 .elementor-icon-list-items.elementor-inline-items{margin-inline:calc(-7px\/2);}.elementor-178 .elementor-element.elementor-element-7aa80f8 .elementor-icon-list-items.elementor-inline-items .elementor-icon-list-item:after{inset-inline-end:calc(-7px\/2);}.elementor-178 .elementor-element.elementor-element-7aa80f8{--e-icon-list-icon-align:center;--e-icon-list-icon-margin:0 calc(var(--e-icon-list-icon-size, 1em) * 0.125);}.elementor-178 .elementor-element.elementor-element-2f81447 .elementor-heading-title{font-size:var( --e-global-typography-df116be-font-size );line-height:var( --e-global-typography-df116be-line-height );letter-spacing:var( --e-global-typography-df116be-letter-spacing );word-spacing:var( --e-global-typography-df116be-word-spacing );}.elementor-178 .elementor-element.elementor-element-2471eab{font-size:var( --e-global-typography-text-font-size );}.elementor-178 .elementor-element.elementor-element-4e6eefc .elementor-heading-title{font-size:var( --e-global-typography-df116be-font-size );line-height:var( --e-global-typography-df116be-line-height );letter-spacing:var( --e-global-typography-df116be-letter-spacing );word-spacing:var( --e-global-typography-df116be-word-spacing );}.elementor-178 .elementor-element.elementor-element-af2366d{font-size:var( --e-global-typography-text-font-size );}}@media(max-width:767px){.elementor-178 .elementor-element.elementor-element-9695672{--min-height:300px;--justify-content:center;--align-items:center;--container-widget-width:calc( ( 1 - var( --container-widget-flex-grow ) ) * 100% );--overlay-opacity:0.82;--margin-top:0px;--margin-bottom:0px;--margin-left:0px;--margin-right:0px;--padding-top:3em;--padding-bottom:3em;--padding-left:0em;--padding-right:0em;}.elementor-178 .elementor-element.elementor-element-d497e2d{--margin-top:0px;--margin-bottom:0px;--margin-left:5px;--margin-right:5px;}.elementor-178 .elementor-element.elementor-element-6cfa092{text-align:center;}.elementor-178 .elementor-element.elementor-element-6cfa092 .elementor-heading-title{font-size:20px;}.elementor-178 .elementor-element.elementor-element-7aa80f8 .elementor-icon-list-items:not(.elementor-inline-items) .elementor-icon-list-item:not(:last-child){padding-block-end:calc(12px\/2);}.elementor-178 .elementor-element.elementor-element-7aa80f8 .elementor-icon-list-items:not(.elementor-inline-items) .elementor-icon-list-item:not(:first-child){margin-block-start:calc(12px\/2);}.elementor-178 .elementor-element.elementor-element-7aa80f8 .elementor-icon-list-items.elementor-inline-items .elementor-icon-list-item{margin-inline:calc(12px\/2);}.elementor-178 .elementor-element.elementor-element-7aa80f8 .elementor-icon-list-items.elementor-inline-items{margin-inline:calc(-12px\/2);}.elementor-178 .elementor-element.elementor-element-7aa80f8 .elementor-icon-list-items.elementor-inline-items .elementor-icon-list-item:after{inset-inline-end:calc(-12px\/2);}.elementor-178 .elementor-element.elementor-element-7aa80f8{--e-icon-list-icon-align:left;--e-icon-list-icon-margin:0 calc(var(--e-icon-list-icon-size, 1em) * 0.25) 0 0;}.elementor-178 .elementor-element.elementor-element-7aa80f8 .elementor-icon-list-item > .elementor-icon-list-text, .elementor-178 .elementor-element.elementor-element-7aa80f8 .elementor-icon-list-item > a{font-size:16px;}.elementor-178 .elementor-element.elementor-element-a584cc5{--padding-top:50px;--padding-bottom:50px;--padding-left:20px;--padding-right:20px;}.elementor-178 .elementor-element.elementor-element-2f81447 .elementor-heading-title{font-size:var( --e-global-typography-df116be-font-size );line-height:var( --e-global-typography-df116be-line-height );letter-spacing:var( --e-global-typography-df116be-letter-spacing );word-spacing:var( --e-global-typography-df116be-word-spacing );}.elementor-178 .elementor-element.elementor-element-2471eab{font-size:var( --e-global-typography-text-font-size );}.elementor-178 .elementor-element.elementor-element-4e6eefc .elementor-heading-title{font-size:var( --e-global-typography-df116be-font-size );line-height:var( --e-global-typography-df116be-line-height );letter-spacing:var( --e-global-typography-df116be-letter-spacing );word-spacing:var( --e-global-typography-df116be-word-spacing );}.elementor-178 .elementor-element.elementor-element-af2366d{font-size:var( --e-global-typography-text-font-size );}}<\/style>\t\t<div data-elementor-type=\"wp-page\" data-elementor-id=\"178\" class=\"elementor elementor-178\" data-elementor-post-type=\"page\">\n\t\t\t\t<div class=\"elementor-element elementor-element-9695672 e-flex e-con-boxed wpr-particle-no wpr-jarallax-no wpr-parallax-no wpr-sticky-section-no e-con e-parent\" data-id=\"9695672\" data-element_type=\"container\" data-e-type=\"container\" data-settings=\"{&quot;background_background&quot;:&quot;classic&quot;,&quot;jet_parallax_layout_list&quot;:[]}\">\n\t\t\t\t\t<div class=\"e-con-inner\">\n\t\t<div class=\"elementor-element elementor-element-2bf4333 elementor-hidden-tablet e-con-full elementor-hidden-mobile e-flex wpr-particle-no wpr-jarallax-no wpr-parallax-no wpr-sticky-section-no e-con e-child\" data-id=\"2bf4333\" data-element_type=\"container\" data-e-type=\"container\" data-settings=\"{&quot;jet_parallax_layout_list&quot;:[]}\">\n\t\t\t\t<\/div>\n\t\t<div class=\"elementor-element elementor-element-d497e2d e-con-full e-flex wpr-particle-no wpr-jarallax-no wpr-parallax-no wpr-sticky-section-no e-con e-child\" data-id=\"d497e2d\" data-element_type=\"container\" data-e-type=\"container\" data-settings=\"{&quot;background_background&quot;:&quot;classic&quot;,&quot;jet_parallax_layout_list&quot;:[]}\">\n\t\t\t\t<div class=\"elementor-element elementor-element-6cfa092 elementor-widget elementor-widget-heading\" data-id=\"6cfa092\" data-element_type=\"widget\" data-e-type=\"widget\" data-widget_type=\"heading.default\">\n\t\t\t\t<div class=\"elementor-widget-container\">\n\t\t\t\t\t<h1 class=\"elementor-heading-title elementor-size-default\">Agenda<\/h1>\t\t\t\t<\/div>\n\t\t\t\t<\/div>\n\t\t\t\t<div class=\"elementor-element elementor-element-7aa80f8 elementor-icon-list--layout-inline elementor-align-end elementor-mobile-align-center elementor-tablet-align-center elementor-list-item-link-full_width elementor-widget elementor-widget-icon-list\" data-id=\"7aa80f8\" data-element_type=\"widget\" data-e-type=\"widget\" data-widget_type=\"icon-list.default\">\n\t\t\t\t<div class=\"elementor-widget-container\">\n\t\t\t\t\t\t\t<ul class=\"elementor-icon-list-items elementor-inline-items\">\n\t\t\t\t\t\t\t<li class=\"elementor-icon-list-item elementor-inline-item\">\n\t\t\t\t\t\t\t\t\t\t\t<a href=\"https:\/\/joseparra.net\/es\">\n\n\t\t\t\t\t\t\t\t\t\t\t<span class=\"elementor-icon-list-text\">Inicio<\/span>\n\t\t\t\t\t\t\t\t\t\t\t<\/a>\n\t\t\t\t\t\t\t\t\t<\/li>\n\t\t\t\t\t\t\t\t<li class=\"elementor-icon-list-item elementor-inline-item\">\n\t\t\t\t\t\t\t\t\t\t\t<span class=\"elementor-icon-list-icon\">\n\t\t\t\t\t\t\t<svg aria-hidden=\"true\" class=\"e-font-icon-svg e-fas-chevron-right\" viewBox=\"0 0 320 512\" xmlns=\"http:\/\/www.w3.org\/2000\/svg\"><path d=\"M285.476 272.971L91.132 467.314c-9.373 9.373-24.569 9.373-33.941 0l-22.667-22.667c-9.357-9.357-9.375-24.522-.04-33.901L188.505 256 34.484 101.255c-9.335-9.379-9.317-24.544.04-33.901l22.667-22.667c9.373-9.373 24.569-9.373 33.941 0L285.475 239.03c9.373 9.372 9.373 24.568.001 33.941z\"><\/path><\/svg>\t\t\t\t\t\t<\/span>\n\t\t\t\t\t\t\t\t\t\t<span class=\"elementor-icon-list-text\">Agenda<\/span>\n\t\t\t\t\t\t\t\t\t<\/li>\n\t\t\t\t\t\t<\/ul>\n\t\t\t\t\t\t<\/div>\n\t\t\t\t<\/div>\n\t\t\t\t<\/div>\n\t\t\t\t\t<\/div>\n\t\t\t\t<\/div>\n\t\t<div class=\"elementor-element elementor-element-a584cc5 e-flex e-con-boxed wpr-particle-no wpr-jarallax-no wpr-parallax-no wpr-sticky-section-no e-con e-parent\" data-id=\"a584cc5\" data-element_type=\"container\" data-e-type=\"container\" data-settings=\"{&quot;jet_parallax_layout_list&quot;:[]}\">\n\t\t\t\t\t<div class=\"e-con-inner\">\n\t\t\t\t<div class=\"elementor-element elementor-element-2f81447 elementor-widget elementor-widget-heading\" data-id=\"2f81447\" data-element_type=\"widget\" data-e-type=\"widget\" data-widget_type=\"heading.default\">\n\t\t\t\t<div class=\"elementor-widget-container\">\n\t\t\t\t\t<span class=\"elementor-heading-title elementor-size-default\">2023\/24<\/span>\t\t\t\t<\/div>\n\t\t\t\t<\/div>\n\t\t\t\t<div class=\"elementor-element elementor-element-2471eab elementor-widget elementor-widget-text-editor\" data-id=\"2471eab\" data-element_type=\"widget\" data-e-type=\"widget\" data-widget_type=\"text-editor.default\">\n\t\t\t\t<div class=\"elementor-widget-container\">\n\t\t\t\t\t\t\t\t\t<p>ESPECTACULO &#8211; LOS TOMATES NO VUELAN<\/p><p>18\/03\/2023 Teatro Metamorfosis, Barcelona<\/p><p>26\/11\/2023 Espai Pilusu, Barcelona<\/p><p>18\/02\/2024 Camden People&#8217;s Theatre, Londres<\/p><p>26\/06\/2024 Fringe Theatrefest, North Devon, Reino Unido<\/p><p>27\/06\/2024 Fringe Theatrefest, North Devon, Reino Unido<\/p><p>28\/06\/2024 Fringe Theatrefest, North Devon, Reino Unido<\/p><p>23\/07\/2024 Jackson&#8217;s Lane, Lonfon International Clown Festival<\/p><p>TALLERES<\/p><p>18\/02\/2023 Canpink i Boogie, Mataro<\/p><p>15\/03\/2023 Plato\u00f3 de Cine, Barcelona<\/p><p>22\/03\/2023 Teatro Metamorfosis, Barcelona<\/p><p>09\/11\/2023 Asociaci\u00f3n Egintza, Bilbao<\/p><p>20\/02\/2024 Escuela de cine de Barcelona<\/p><p>21\/09\/2024 Moving Pieces, Londres<\/p><p>05\/11\/2024 Asociaci\u00f3n Egintza, Bilbao<\/p>\t\t\t\t\t\t\t\t<\/div>\n\t\t\t\t<\/div>\n\t\t\t\t<div class=\"elementor-element elementor-element-4e6eefc elementor-widget elementor-widget-heading\" data-id=\"4e6eefc\" data-element_type=\"widget\" data-e-type=\"widget\" data-widget_type=\"heading.default\">\n\t\t\t\t<div class=\"elementor-widget-container\">\n\t\t\t\t\t<span class=\"elementor-heading-title elementor-size-default\">2025<\/span>\t\t\t\t<\/div>\n\t\t\t\t<\/div>\n\t\t\t\t<div class=\"elementor-element elementor-element-af2366d elementor-widget elementor-widget-text-editor\" data-id=\"af2366d\" data-element_type=\"widget\" data-e-type=\"widget\" data-widget_type=\"text-editor.default\">\n\t\t\t\t<div class=\"elementor-widget-container\">\n\t\t\t\t\t\t\t\t\t<p>Fechas ser\u00e1n anunciadas pronto.<\/p>\t\t\t\t\t\t\t\t<\/div>\n\t\t\t\t<\/div>\n\t\t\t\t\t<\/div>\n\t\t\t\t<\/div>\n\t\t\t\t<\/div>\n\t\t","protected":false},"excerpt":{"rendered":"<p>Agenda Inicio Agenda 2023\/24 ESPECTACULO &#8211; LOS TOMATES NO VUELAN 18\/03\/2023 Teatro Metamorfosis, Barcelona 26\/11\/2023 Espai Pilusu, Barcelona 18\/02\/2024 Camden People&#8217;s Theatre, Londres 26\/06\/2024 Fringe Theatrefest, North Devon, Reino Unido 27\/06\/2024 Fringe Theatrefest, North Devon, Reino Unido 28\/06\/2024 Fringe Theatrefest, North Devon, Reino Unido 23\/07\/2024 Jackson&#8217;s Lane, Lonfon International Clown Festival TALLERES 18\/02\/2023 Canpink i Boogie, Mataro 15\/03\/2023 Plato\u00f3 de Cine, Barcelona 22\/03\/2023 Teatro Metamorfosis, Barcelona 09\/11\/2023 Asociaci\u00f3n Egintza, Bilbao 20\/02\/2024 Escuela de cine de Barcelona 21\/09\/2024 Moving Pieces, Londres 05\/11\/2024 Asociaci\u00f3n Egintza, Bilbao 2025 Fechas ser\u00e1n anunciadas pronto.<\/p>\n","protected":false},"author":2,"featured_media":0,"parent":0,"menu_order":0,"comment_status":"closed","ping_status":"closed","template":"elementor_header_footer","meta":{"footnotes":""},"class_list":["post-178","page","type-page","status-publish","hentry"],"yoast_head":"<!-- This site is optimized with the Yoast SEO plugin v27.3 - https:\/\/yoast.com\/product\/yoast-seo-wordpress\/ -->\n<title>Agenda - CIA Jose Parra | Teatro Alternativo Con Mucho Humor<\/title>\n<meta name=\"robots\" content=\"index, follow, max-snippet:-1, max-image-preview:large, max-video-preview:-1\" \/>\n<link rel=\"canonical\" href=\"https:\/\/joseparra.net\/es\/agenda\/\" \/>\n<meta property=\"og:locale\" content=\"es_ES\" \/>\n<meta property=\"og:type\" content=\"article\" \/>\n<meta property=\"og:title\" content=\"Agenda - CIA Jose Parra | Teatro Alternativo Con Mucho Humor\" \/>\n<meta property=\"og:description\" content=\"Agenda Inicio Agenda 2023\/24 ESPECTACULO &#8211; LOS TOMATES NO VUELAN 18\/03\/2023 Teatro Metamorfosis, Barcelona 26\/11\/2023 Espai Pilusu, Barcelona 18\/02\/2024 Camden People&#8217;s Theatre, Londres 26\/06\/2024 Fringe Theatrefest, North Devon, Reino Unido 27\/06\/2024 Fringe Theatrefest, North Devon, Reino Unido 28\/06\/2024 Fringe Theatrefest, North Devon, Reino Unido 23\/07\/2024 Jackson&#8217;s Lane, Lonfon International Clown Festival TALLERES 18\/02\/2023 Canpink i Boogie, Mataro 15\/03\/2023 Plato\u00f3 de Cine, Barcelona 22\/03\/2023 Teatro Metamorfosis, Barcelona 09\/11\/2023 Asociaci\u00f3n Egintza, Bilbao 20\/02\/2024 Escuela de cine de Barcelona 21\/09\/2024 Moving Pieces, Londres 05\/11\/2024 Asociaci\u00f3n Egintza, Bilbao 2025 Fechas ser\u00e1n anunciadas pronto.\" \/>\n<meta property=\"og:url\" content=\"https:\/\/joseparra.net\/es\/agenda\/\" \/>\n<meta property=\"og:site_name\" content=\"CIA Jose Parra | Teatro Alternativo Con Mucho Humor\" \/>\n<meta property=\"article:modified_time\" content=\"2024-10-30T09:55:02+00:00\" \/>\n<meta name=\"twitter:card\" content=\"summary_large_image\" \/>\n<script type=\"application\/ld+json\" class=\"yoast-schema-graph\">{\"@context\":\"https:\\\/\\\/schema.org\",\"@graph\":[{\"@type\":\"WebPage\",\"@id\":\"https:\\\/\\\/joseparra.net\\\/en\\\/agenda\\\/\",\"url\":\"https:\\\/\\\/joseparra.net\\\/en\\\/agenda\\\/\",\"name\":\"Agenda - CIA Jose Parra | Teatro Alternativo Con Mucho Humor\",\"isPartOf\":{\"@id\":\"https:\\\/\\\/joseparra.net\\\/es\\\/#website\"},\"datePublished\":\"2024-08-21T03:48:36+00:00\",\"dateModified\":\"2024-10-30T09:55:02+00:00\",\"breadcrumb\":{\"@id\":\"https:\\\/\\\/joseparra.net\\\/en\\\/agenda\\\/#breadcrumb\"},\"inLanguage\":\"es\",\"potentialAction\":[{\"@type\":\"ReadAction\",\"target\":[\"https:\\\/\\\/joseparra.net\\\/en\\\/agenda\\\/\"]}]},{\"@type\":\"BreadcrumbList\",\"@id\":\"https:\\\/\\\/joseparra.net\\\/en\\\/agenda\\\/#breadcrumb\",\"itemListElement\":[{\"@type\":\"ListItem\",\"position\":1,\"name\":\"Portada\",\"item\":\"https:\\\/\\\/joseparra.net\\\/es\\\/\"},{\"@type\":\"ListItem\",\"position\":2,\"name\":\"Agenda\"}]},{\"@type\":\"WebSite\",\"@id\":\"https:\\\/\\\/joseparra.net\\\/es\\\/#website\",\"url\":\"https:\\\/\\\/joseparra.net\\\/es\\\/\",\"name\":\"CIA Jose Parra | Teatro Alternativo Con Mucho Humor\",\"description\":\"Creamos TEATRO ALTERNATIVO, que nace de la BELLEZA DE LA VULNERABILIDAD, y el PODER DEL HUMOR, para CONECTARNOS m\u00e1s all\u00e1 del g\u00e9nero, m\u00e1s all\u00e1 de las fronteras, m\u00e1s all\u00e1 de las etiquetas.\",\"publisher\":{\"@id\":\"https:\\\/\\\/joseparra.net\\\/es\\\/#organization\"},\"potentialAction\":[{\"@type\":\"SearchAction\",\"target\":{\"@type\":\"EntryPoint\",\"urlTemplate\":\"https:\\\/\\\/joseparra.net\\\/es\\\/?s={search_term_string}\"},\"query-input\":{\"@type\":\"PropertyValueSpecification\",\"valueRequired\":true,\"valueName\":\"search_term_string\"}}],\"inLanguage\":\"es\"},{\"@type\":\"Organization\",\"@id\":\"https:\\\/\\\/joseparra.net\\\/es\\\/#organization\",\"name\":\"CIA Jose Parra | Teatro Alternativo Con Mucho Humor\",\"url\":\"https:\\\/\\\/joseparra.net\\\/es\\\/\",\"logo\":{\"@type\":\"ImageObject\",\"inLanguage\":\"es\",\"@id\":\"https:\\\/\\\/joseparra.net\\\/es\\\/#\\\/schema\\\/logo\\\/image\\\/\",\"url\":\"https:\\\/\\\/joseparra.net\\\/wp-content\\\/uploads\\\/2024\\\/08\\\/cropped-Logo-Cia-Jose-Parra.png\",\"contentUrl\":\"https:\\\/\\\/joseparra.net\\\/wp-content\\\/uploads\\\/2024\\\/08\\\/cropped-Logo-Cia-Jose-Parra.png\",\"width\":900,\"height\":258,\"caption\":\"CIA Jose Parra | Teatro Alternativo Con Mucho Humor\"},\"image\":{\"@id\":\"https:\\\/\\\/joseparra.net\\\/es\\\/#\\\/schema\\\/logo\\\/image\\\/\"}}]}<\/script>\n<!-- \/ Yoast SEO plugin. -->","yoast_head_json":{"title":"Agenda - CIA Jose Parra | Teatro Alternativo Con Mucho Humor","robots":{"index":"index","follow":"follow","max-snippet":"max-snippet:-1","max-image-preview":"max-image-preview:large","max-video-preview":"max-video-preview:-1"},"canonical":"https:\/\/joseparra.net\/es\/agenda\/","og_locale":"es_ES","og_type":"article","og_title":"Agenda - CIA Jose Parra | Teatro Alternativo Con Mucho Humor","og_description":"Agenda Inicio Agenda 2023\/24 ESPECTACULO &#8211; LOS TOMATES NO VUELAN 18\/03\/2023 Teatro Metamorfosis, Barcelona 26\/11\/2023 Espai Pilusu, Barcelona 18\/02\/2024 Camden People&#8217;s Theatre, Londres 26\/06\/2024 Fringe Theatrefest, North Devon, Reino Unido 27\/06\/2024 Fringe Theatrefest, North Devon, Reino Unido 28\/06\/2024 Fringe Theatrefest, North Devon, Reino Unido 23\/07\/2024 Jackson&#8217;s Lane, Lonfon International Clown Festival TALLERES 18\/02\/2023 Canpink i Boogie, Mataro 15\/03\/2023 Plato\u00f3 de Cine, Barcelona 22\/03\/2023 Teatro Metamorfosis, Barcelona 09\/11\/2023 Asociaci\u00f3n Egintza, Bilbao 20\/02\/2024 Escuela de cine de Barcelona 21\/09\/2024 Moving Pieces, Londres 05\/11\/2024 Asociaci\u00f3n Egintza, Bilbao 2025 Fechas ser\u00e1n anunciadas pronto.","og_url":"https:\/\/joseparra.net\/es\/agenda\/","og_site_name":"CIA Jose Parra | Teatro Alternativo Con Mucho Humor","article_modified_time":"2024-10-30T09:55:02+00:00","twitter_card":"summary_large_image","schema":{"@context":"https:\/\/schema.org","@graph":[{"@type":"WebPage","@id":"https:\/\/joseparra.net\/en\/agenda\/","url":"https:\/\/joseparra.net\/en\/agenda\/","name":"Agenda - CIA Jose Parra | Teatro Alternativo Con Mucho Humor","isPartOf":{"@id":"https:\/\/joseparra.net\/es\/#website"},"datePublished":"2024-08-21T03:48:36+00:00","dateModified":"2024-10-30T09:55:02+00:00","breadcrumb":{"@id":"https:\/\/joseparra.net\/en\/agenda\/#breadcrumb"},"inLanguage":"es","potentialAction":[{"@type":"ReadAction","target":["https:\/\/joseparra.net\/en\/agenda\/"]}]},{"@type":"BreadcrumbList","@id":"https:\/\/joseparra.net\/en\/agenda\/#breadcrumb","itemListElement":[{"@type":"ListItem","position":1,"name":"Portada","item":"https:\/\/joseparra.net\/es\/"},{"@type":"ListItem","position":2,"name":"Agenda"}]},{"@type":"WebSite","@id":"https:\/\/joseparra.net\/es\/#website","url":"https:\/\/joseparra.net\/es\/","name":"CIA Jose Parra | Teatro Alternativo Con Mucho Humor","description":"Creamos TEATRO ALTERNATIVO, que nace de la BELLEZA DE LA VULNERABILIDAD, y el PODER DEL HUMOR, para CONECTARNOS m\u00e1s all\u00e1 del g\u00e9nero, m\u00e1s all\u00e1 de las fronteras, m\u00e1s all\u00e1 de las etiquetas.","publisher":{"@id":"https:\/\/joseparra.net\/es\/#organization"},"potentialAction":[{"@type":"SearchAction","target":{"@type":"EntryPoint","urlTemplate":"https:\/\/joseparra.net\/es\/?s={search_term_string}"},"query-input":{"@type":"PropertyValueSpecification","valueRequired":true,"valueName":"search_term_string"}}],"inLanguage":"es"},{"@type":"Organization","@id":"https:\/\/joseparra.net\/es\/#organization","name":"CIA Jose Parra | Teatro Alternativo Con Mucho Humor","url":"https:\/\/joseparra.net\/es\/","logo":{"@type":"ImageObject","inLanguage":"es","@id":"https:\/\/joseparra.net\/es\/#\/schema\/logo\/image\/","url":"https:\/\/joseparra.net\/wp-content\/uploads\/2024\/08\/cropped-Logo-Cia-Jose-Parra.png","contentUrl":"https:\/\/joseparra.net\/wp-content\/uploads\/2024\/08\/cropped-Logo-Cia-Jose-Parra.png","width":900,"height":258,"caption":"CIA Jose Parra | Teatro Alternativo Con Mucho Humor"},"image":{"@id":"https:\/\/joseparra.net\/es\/#\/schema\/logo\/image\/"}}]}},"_links":{"self":[{"href":"https:\/\/joseparra.net\/es\/wp-json\/wp\/v2\/pages\/178","targetHints":{"allow":["GET"]}}],"collection":[{"href":"https:\/\/joseparra.net\/es\/wp-json\/wp\/v2\/pages"}],"about":[{"href":"https:\/\/joseparra.net\/es\/wp-json\/wp\/v2\/types\/page"}],"author":[{"embeddable":true,"href":"https:\/\/joseparra.net\/es\/wp-json\/wp\/v2\/users\/2"}],"replies":[{"embeddable":true,"href":"https:\/\/joseparra.net\/es\/wp-json\/wp\/v2\/comments?post=178"}],"version-history":[{"count":61,"href":"https:\/\/joseparra.net\/es\/wp-json\/wp\/v2\/pages\/178\/revisions"}],"predecessor-version":[{"id":1895,"href":"https:\/\/joseparra.net\/es\/wp-json\/wp\/v2\/pages\/178\/revisions\/1895"}],"wp:attachment":[{"href":"https:\/\/joseparra.net\/es\/wp-json\/wp\/v2\/media?parent=178"}],"curies":[{"name":"wp","href":"https:\/\/api.w.org\/{rel}","templated":true}]}}